{"id":281,"date":"2011-01-09T15:08:45","date_gmt":"2011-01-09T15:08:45","guid":{"rendered":"http:\/\/clarerosehistory.com\/"},"modified":"2023-11-28T19:17:21","modified_gmt":"2023-11-28T19:17:21","slug":"childhood-history","status":"publish","type":"page","link":"https:\/\/clarerosehistory.com\/blog\/childhood-history\/","title":{"rendered":"Research: Childhood History"},"content":{"rendered":"<div><\/div>\n<div><a href=\"https:\/\/clarerosehistory.com\/blog\/2021\/05\/enthusiasms-romper-suits-for-modern-babies\/uncategorized\/attachment\/1929-oxendale-crawler-detail\/\" rel=\"attachment wp-att-1907\"><img decoding=\"async\" loading=\"lazy\" class=\"size-full wp-image-1907 aligncenter\" src=\"https:\/\/clarerosehistory.com\/blog\/wp-content\/uploads\/2021\/05\/1929-Oxendale-crawler-detail.jpg\" alt=\"\" width=\"455\" height=\"479\" srcset=\"https:\/\/clarerosehistory.com\/blog\/wp-content\/uploads\/2021\/05\/1929-Oxendale-crawler-detail.jpg 455w, https:\/\/clarerosehistory.com\/blog\/wp-content\/uploads\/2021\/05\/1929-Oxendale-crawler-detail-142x150.jpg 142w, https:\/\/clarerosehistory.com\/blog\/wp-content\/uploads\/2021\/05\/1929-Oxendale-crawler-detail-285x300.jpg 285w\" sizes=\"(max-width: 455px) 100vw, 455px\" \/><\/a><\/div>\n<p style=\"text-align: justify;\"><span style=\"color: #000000;\">Dr Clare Rose is one of the leading experts in the history of childhood in Britain, with special expertise in children&#8217;s fashion and gender differentiation in the past. Her <em>Children&#8217;s Clothes Since 1750<\/em> made groundbreaking use of unpublished retail catalogues and surviving garments to investigate the clothes actually worn by children in the past. <\/span><\/p>\n<p style=\"text-align: justify;\"><span style=\"color: #000000;\">Clare Rose&#8217;s\u00a0PhD, <\/span><span style=\"color: #000000;\"><em>Boyswear and the formation of gender and class identity in urban England, 1840-1900<\/em> (University of Brighton, 2006)\u00a0examined thousands of unpublished documents and images to establish the ways that fashion shaped boys&#8217; appearance in Victorian Britain. Her research investigated the photo archives of Dr Barnardo&#8217;s Homes, and unpublished collections of\u00a0manufacturers&#8217; designs and retailers&#8217; catalogues, to show that boys&#8217;\u00a0fashion\u00a0was big business even before 1900. She\u00a0demonstrated that boys&#8217; sailor suits were not seen as miniature uniforms, but as fashion garments with highly un-nautical trimmings.<\/span><\/p>\n<p style=\"text-align: justify;\"><span style=\"color: #000000;\">Clare Rose is, with Aude LeGuennec, the founder of the research network IN2FROCC (Interdisciplinary and International Network for Research on Children and Clothing), under the umbrella of the ACORSO international research group, https:\/\/acorso.org\/in2frocc-enfance-et-vetements. \u00a0 She was a consultant to the exhibition <em>S\u2019habiller pour l\u2019\u00e9cole<\/em> at the Mus\u00e9e national de l\u2019\u00e9ducation, Rouen, France. She has spoken about the history of children&#8217;s clothes at universities in Europe and the USA &#8211; and on television as an expert for the Great British Sewing Bee Series 2 (2014) and Series 7 (2021).<br \/>\n<\/span><\/p>\n<p><span style=\"color: #000000;\"><strong>Childhood History Publications<\/strong><\/span><\/p>\n<ul>\n<li>&#8216;L\u2019uniformit\u00e9 sans uniformes : l\u2019habitus de l\u2019\u00e9cole \u00e0 la fin du XIXe si\u00e8cle en Angleterre\u2019. In Aude LeGuennec and Nicolas Coutant (eds.), <em>S\u2019habiller pour l\u2019\u00e9cole<\/em>, Exhibition Catalogue, Mus\u00e9e national de l\u2019\u00e9ducation (Muna\u00e9), Rouen. (Poitiers : Editions Canop\u00e9, 2023)<\/li>\n<li>Aude Le Guennec, Clare Rose, Laetitia Barbu, Anne-Charlotte Hartmann-Bragard, Maija Nygren and Yasmin Sekhon-Dhilon in, \u2018Towards an Informed, Participative and Sustainable Approach of Children\u2019s Fashion and Clothing: IN2FROCC in Action.\u2019 In Sam Frankel (ed.), <em>Establishing Child Centred Practice in a Changing World<\/em>, Part A, (Bingley: Emerald Publishing, 2022)<\/li>\n<li>\u00a0\u2018Age-related clothing codes for boys in Britain, 1850\u20131900\u2019, <em>Critical Studies in Men\u2019s Fashion <\/em>2(2-3):127 &#8211; 42, (2015)<\/li>\n<li>Evaluating the manufacturing and retailing practices of H.J. and D. Nicoll through a c1860 boy\u2019s suit, <em>Textile History<\/em> 45\/1 (2014)<\/li>\n<li>From Boy to Man in Nigel Goose and Katrina Honeyman (eds),<em> Childhood and Child Labour in Industrial England &#8211; Diversity and Agency 1750-1914<\/em> (Farnham: Ashgate, 2013)<\/li>\n<li>Maternal Consumption: A view from the past, <em>Journal of Consumer Culture <\/em>13\/2 (2013)<\/li>\n<li><span style=\"color: #000000;\">Continuity and change in children\u2019s clothing, 1885-1920, <em>Textile History <\/em>42 (2011)<\/span><\/li>\n<li><span style=\"color: #000000;\">What was uniform about the Fin-de-Si\u00e8cle sailor suit?\u00a0 <em>Journal of Design History,<\/em><span style=\"color: #000000;\"> 23 (2011)<\/span><\/span><\/li>\n<li><span style=\"color: #000000;\"><em>Making, Selling and Wearing Boys\u2019 Clothes in late Victorian England<\/em>, (Farnham: Ashgate,\u00a02010)<\/span><\/li>\n<li><span style=\"color: #000000;\">Raggedness and Respectability in\u00a0 Barnardo\u2019s Archive, <em>International Journal of Childhood in the Past <\/em>1 (2008) <\/span><\/li>\n<li><span style=\"color: #000000;\">The novelty consists in the ornamental design\u2019: design innovation in mass-produced\u00a0boys\u2019 clothing, 1840-1900\u2019, <em>Textile History<\/em> vol. 38\/1 (2007)<\/span><\/li>\n<li><span style=\"color: #000000;\">Alla ricerca della cenciosita (In search of raggedness) in Tiziano Bonazzi (ed.),\u00a0<em>Riconoscimento ed <\/em><em>Esclusione,<\/em> (Rome: Carocci Editore, 2003) <\/span><\/li>\n<li><em>Children\u2019s Clothes Since 1750<\/em><span style=\"color: #000000;\">, (London and New York: T Batsford\/Drama Press, 1989)<\/span><\/li>\n<\/ul>\n","protected":false},"excerpt":{"rendered":"<p>Dr Clare Rose is one of the leading experts in the history of childhood in Britain, with special expertise in children&#8217;s fashion and gender differentiation in the past. Her Children&#8217;s Clothes Since 1750 made groundbreaking use of unpublished retail catalogues &hellip; <a href=\"https:\/\/clarerosehistory.com\/blog\/childhood-history\/\">Continue reading <span class=\"meta-nav\">&rarr;<\/span><\/a><\/p>\n","protected":false},"author":1,"featured_media":0,"parent":0,"menu_order":0,"comment_status":"open","ping_status":"closed","template":"","meta":[],"_links":{"self":[{"href":"https:\/\/clarerosehistory.com\/blog\/wp-json\/wp\/v2\/pages\/281"}],"collection":[{"href":"https:\/\/clarerosehistory.com\/blog\/wp-json\/wp\/v2\/pages"}],"about":[{"href":"https:\/\/clarerosehistory.com\/blog\/wp-json\/wp\/v2\/types\/page"}],"author":[{"embeddable":true,"href":"https:\/\/clarerosehistory.com\/blog\/wp-json\/wp\/v2\/users\/1"}],"replies":[{"embeddable":true,"href":"https:\/\/clarerosehistory.com\/blog\/wp-json\/wp\/v2\/comments?post=281"}],"version-history":[{"count":12,"href":"https:\/\/clarerosehistory.com\/blog\/wp-json\/wp\/v2\/pages\/281\/revisions"}],"predecessor-version":[{"id":1918,"href":"https:\/\/clarerosehistory.com\/blog\/wp-json\/wp\/v2\/pages\/281\/revisions\/1918"}],"wp:attachment":[{"href":"https:\/\/clarerosehistory.com\/blog\/wp-json\/wp\/v2\/media?parent=281"}],"curies":[{"name":"wp","href":"https:\/\/api.w.org\/{rel}","templated":true}]}}